{"id":6096,"date":"2025-04-11T12:54:39","date_gmt":"2025-04-11T10:54:39","guid":{"rendered":"https:\/\/www.delf-cadres.com\/die-fuehrungskraefte\/"},"modified":"2025-08-28T11:56:54","modified_gmt":"2025-08-28T09:56:54","slug":"die-fuehrungskraefte","status":"publish","type":"page","link":"https:\/\/www.delf-cadres.com\/de\/die-fuehrungskraefte\/","title":{"rendered":"Rahmen"},"content":{"rendered":"\t\t<div data-elementor-type=\"wp-post\" data-elementor-id=\"6096\" class=\"elementor elementor-6096 elementor-5401\" data-elementor-post-type=\"page\">\n\t\t\t\t\t\t<section class=\"elementor-section elementor-top-section elementor-element elementor-element-4fcc235 elementor-section-boxed elementor-section-height-default elementor-section-height-default sc_fly_static\" data-id=\"4fcc235\" data-element_type=\"section\">\n\t\t\t\t\t\t<div class=\"elementor-container elementor-column-gap-extended\">\n\t\t\t\t\t<div class=\"elementor-column elementor-col-100 elementor-top-column elementor-element elementor-element-b4aef0b sc_inner_width_none sc_content_align_inherit sc_layouts_column_icons_position_left sc_fly_static\" data-id=\"b4aef0b\" data-element_type=\"column\">\n\t\t\t<div class=\"elementor-widget-wrap elementor-element-populated\">\n\t\t\t\t\t\t<div class=\"elementor-element elementor-element-e84efe3 sc_fly_static elementor-widget elementor-widget-spacer\" data-id=\"e84efe3\" data-element_type=\"widget\" data-widget_type=\"spacer.default\">\n\t\t\t\t<div class=\"elementor-widget-container\">\n\t\t\t\t\t\t\t<div class=\"elementor-spacer\">\n\t\t\t<div class=\"elementor-spacer-inner\"><\/div>\n\t\t<\/div>\n\t\t\t\t\t\t<\/div>\n\t\t\t\t<\/div>\n\t\t\t\t\t<\/div>\n\t\t<\/div>\n\t\t\t\t\t<\/div>\n\t\t<\/section>\n\t\t\t\t<section class=\"elementor-section elementor-top-section elementor-element elementor-element-82f3707 elementor-section-boxed elementor-section-height-default elementor-section-height-default sc_fly_static\" data-id=\"82f3707\" data-element_type=\"section\">\n\t\t\t\t\t\t<div class=\"elementor-container elementor-column-gap-extended\">\n\t\t\t\t\t<div class=\"elementor-column elementor-col-100 elementor-top-column elementor-element elementor-element-20e83f8 sc_inner_width_none sc_content_align_inherit sc_layouts_column_icons_position_left sc_fly_static\" data-id=\"20e83f8\" data-element_type=\"column\">\n\t\t\t<div class=\"elementor-widget-wrap elementor-element-populated\">\n\t\t\t\t\t\t<div class=\"elementor-element elementor-element-e6919f8 sc_fly_static elementor-widget elementor-widget-text-editor\" data-id=\"e6919f8\" data-element_type=\"widget\" data-widget_type=\"text-editor.default\">\n\t\t\t\t<div class=\"elementor-widget-container\">\n\t\t\t\t\t\t\t\t\t<p><a href=\"https:\/\/manufcatalog.virtualframerapp.com\/Delf\" target=\"_blank\" rel=\"noopener\">Suchen Sie nach einem Modell oder w\u00e4hlen Sie aus unseren Ausf\u00fchrungen, T\u00f6nen, Farben, Stilen, Formen, Materialien, Kassenarten &#8230;<\/a><\/p>\t\t\t\t\t\t\t\t<\/div>\n\t\t\t\t<\/div>\n\t\t\t\t<div class=\"elementor-element elementor-element-ec8b2f5 sc_layouts_hide_on_wide sc_layouts_hide_on_desktop sc_layouts_hide_on_notebook sc_layouts_hide_on_tablet sc_fly_static elementor-widget elementor-widget-spacer\" data-id=\"ec8b2f5\" data-element_type=\"widget\" data-widget_type=\"spacer.default\">\n\t\t\t\t<div class=\"elementor-widget-container\">\n\t\t\t\t\t\t\t<div class=\"elementor-spacer\">\n\t\t\t<div class=\"elementor-spacer-inner\"><\/div>\n\t\t<\/div>\n\t\t\t\t\t\t<\/div>\n\t\t\t\t<\/div>\n\t\t\t\t\t<\/div>\n\t\t<\/div>\n\t\t\t\t\t<\/div>\n\t\t<\/section>\n\t\t\t\t<section class=\"elementor-section elementor-top-section elementor-element elementor-element-330abbb elementor-section-boxed elementor-section-height-default elementor-section-height-default sc_fly_static\" data-id=\"330abbb\" data-element_type=\"section\" data-settings=\"{&quot;background_background&quot;:&quot;classic&quot;}\">\n\t\t\t\t\t\t<div class=\"elementor-container elementor-column-gap-extended\">\n\t\t\t\t\t<div class=\"elementor-column elementor-col-50 elementor-top-column elementor-element elementor-element-d765046 sc_inner_width_none sc_content_align_inherit sc_layouts_column_icons_position_left sc_fly_static\" data-id=\"d765046\" data-element_type=\"column\">\n\t\t\t<div class=\"elementor-widget-wrap elementor-element-populated\">\n\t\t\t\t\t\t<div class=\"elementor-element elementor-element-8197a0c elementor-widget__width-initial sc_fly_static elementor-widget elementor-widget-trx_sc_title\" data-id=\"8197a0c\" data-element_type=\"widget\" data-widget_type=\"trx_sc_title.default\">\n\t\t\t\t<div class=\"elementor-widget-container\">\n\t\t\t\t\t<div\t\tclass=\"sc_title sc_title_default\"><h1 class=\"sc_item_title sc_title_title sc_item_title_style_default sc_item_title_tag\"\n\t\t\t><span class=\"sc_item_title_text\">Der Katalog<\/span><\/h1><\/div>\t\t\t\t<\/div>\n\t\t\t\t<\/div>\n\t\t\t\t<div class=\"elementor-element elementor-element-a320710 sc_fly_static elementor-widget elementor-widget-spacer\" data-id=\"a320710\" data-element_type=\"widget\" data-widget_type=\"spacer.default\">\n\t\t\t\t<div class=\"elementor-widget-container\">\n\t\t\t\t\t\t\t<div class=\"elementor-spacer\">\n\t\t\t<div class=\"elementor-spacer-inner\"><\/div>\n\t\t<\/div>\n\t\t\t\t\t\t<\/div>\n\t\t\t\t<\/div>\n\t\t\t\t<div class=\"elementor-element elementor-element-3d67667 sc_fly_static elementor-widget elementor-widget-text-editor\" data-id=\"3d67667\" data-element_type=\"widget\" data-widget_type=\"text-editor.default\">\n\t\t\t\t<div class=\"elementor-widget-container\">\n\t\t\t\t\t\t\t\t\t<p>Zeitgen\u00f6ssisch oder stilvoll, modern oder dekorativ, unsere Rahmenkollektionen bieten eine gro\u00dfe Auswahl.<\/p><p>Unsere Rahmen werden von unseren erfahrenen Handwerkern in unserem Atelier in der Normandie handgefertigt.<\/p><p>Die gef\u00fcllten Ecken erm\u00f6glichen ein gleichm\u00e4\u00dfiges Finish f\u00fcr moderne Rahmen oder handgravierte Eckmotive f\u00fcr unsere dekorativen oder stilvollen Modelle.<\/p><p><span style=\"font-size: 1rem;\">Mit Hilfe unserer Anwendung k\u00f6nnen Sie auch selbst einen Rahmen entwerfen, indem Sie ein Bild Ihres Gem\u00e4ldes importieren.<\/span><\/p>\t\t\t\t\t\t\t\t<\/div>\n\t\t\t\t<\/div>\n\t\t\t\t<div class=\"elementor-element elementor-element-fb7b9f0 sc_fly_static elementor-widget elementor-widget-spacer\" data-id=\"fb7b9f0\" data-element_type=\"widget\" data-widget_type=\"spacer.default\">\n\t\t\t\t<div class=\"elementor-widget-container\">\n\t\t\t\t\t\t\t<div class=\"elementor-spacer\">\n\t\t\t<div class=\"elementor-spacer-inner\"><\/div>\n\t\t<\/div>\n\t\t\t\t\t\t<\/div>\n\t\t\t\t<\/div>\n\t\t\t\t<div class=\"elementor-element elementor-element-e9429e2 sc_fly_static elementor-widget elementor-widget-trx_sc_button\" data-id=\"e9429e2\" data-element_type=\"widget\" data-widget_type=\"trx_sc_button.default\">\n\t\t\t\t<div class=\"elementor-widget-container\">\n\t\t\t\t\t<div\tclass=\"sc_item_button sc_button_wrap sc_align_center\"><a href=\"https:\/\/manufcatalog.virtualframerapp.com\/Delf\" class=\"sc_button sc_button_default sc_button_size_normal sc_button_icon_left color_style_dark\" target=\"_blank\"><span class=\"sc_button_text sc_align_center\"><span class=\"sc_button_title\">Alle unsere Rahmenmodelle ansehen<\/span><\/span><\/a><\/div>\t\t\t\t<\/div>\n\t\t\t\t<\/div>\n\t\t\t\t<div class=\"elementor-element elementor-element-08ce845 sc_fly_static elementor-widget elementor-widget-spacer\" data-id=\"08ce845\" data-element_type=\"widget\" data-widget_type=\"spacer.default\">\n\t\t\t\t<div class=\"elementor-widget-container\">\n\t\t\t\t\t\t\t<div class=\"elementor-spacer\">\n\t\t\t<div class=\"elementor-spacer-inner\"><\/div>\n\t\t<\/div>\n\t\t\t\t\t\t<\/div>\n\t\t\t\t<\/div>\n\t\t\t\t<div class=\"elementor-element elementor-element-f5f1ae3 sc_fly_static elementor-widget elementor-widget-trx_sc_button\" data-id=\"f5f1ae3\" data-element_type=\"widget\" data-widget_type=\"trx_sc_button.default\">\n\t\t\t\t<div class=\"elementor-widget-container\">\n\t\t\t\t\t<div\tclass=\"sc_item_button sc_button_wrap sc_align_center\"><a href=\"https:\/\/www.delf-cadres.com\/de\/entwerfen\/\" class=\"sc_button sc_button_default sc_button_size_normal sc_button_icon_left color_style_dark\"><span class=\"sc_button_text sc_align_center\"><span class=\"sc_button_title\">Meinen Rahmen selbst entwerfen<\/span><\/span><\/a><\/div>\t\t\t\t<\/div>\n\t\t\t\t<\/div>\n\t\t\t\t<div class=\"elementor-element elementor-element-62a9c06 sc_fly_static elementor-widget elementor-widget-spacer\" data-id=\"62a9c06\" data-element_type=\"widget\" data-widget_type=\"spacer.default\">\n\t\t\t\t<div class=\"elementor-widget-container\">\n\t\t\t\t\t\t\t<div class=\"elementor-spacer\">\n\t\t\t<div class=\"elementor-spacer-inner\"><\/div>\n\t\t<\/div>\n\t\t\t\t\t\t<\/div>\n\t\t\t\t<\/div>\n\t\t\t\t\t<\/div>\n\t\t<\/div>\n\t\t\t\t<div class=\"elementor-column elementor-col-50 elementor-top-column elementor-element elementor-element-3124fab sc_inner_width_none sc_content_align_inherit sc_layouts_column_icons_position_left sc_fly_static\" data-id=\"3124fab\" data-element_type=\"column\">\n\t\t\t<div class=\"elementor-widget-wrap elementor-element-populated\">\n\t\t\t\t\t\t<div class=\"elementor-element elementor-element-c318f86 sc_fly_static elementor-widget elementor-widget-spacer\" data-id=\"c318f86\" data-element_type=\"widget\" data-widget_type=\"spacer.default\">\n\t\t\t\t<div class=\"elementor-widget-container\">\n\t\t\t\t\t\t\t<div class=\"elementor-spacer\">\n\t\t\t<div class=\"elementor-spacer-inner\"><\/div>\n\t\t<\/div>\n\t\t\t\t\t\t<\/div>\n\t\t\t\t<\/div>\n\t\t\t\t<div class=\"elementor-element elementor-element-ceadb13 sc_fly_static elementor-widget elementor-widget-image\" data-id=\"ceadb13\" data-element_type=\"widget\" data-widget_type=\"image.default\">\n\t\t\t\t<div class=\"elementor-widget-container\">\n\t\t\t\t\t\t\t\t\t\t\t\t\t\t\t\t<a href=\"https:\/\/manufcatalog.virtualframerapp.com\/Delf\" target=\"_blank\">\n\t\t\t\t\t\t\t<img fetchpriority=\"high\" decoding=\"async\" width=\"1024\" height=\"860\" src=\"https:\/\/www.delf-cadres.com\/wp-content\/uploads\/2025\/04\/catalogue-1024x860.png\" class=\"attachment-large size-large wp-image-5864\" alt=\"\" srcset=\"https:\/\/www.delf-cadres.com\/wp-content\/uploads\/2025\/04\/catalogue-1024x860.png 1024w, https:\/\/www.delf-cadres.com\/wp-content\/uploads\/2025\/04\/catalogue-300x252.png 300w, https:\/\/www.delf-cadres.com\/wp-content\/uploads\/2025\/04\/catalogue-768x645.png 768w, https:\/\/www.delf-cadres.com\/wp-content\/uploads\/2025\/04\/catalogue-370x311.png 370w, https:\/\/www.delf-cadres.com\/wp-content\/uploads\/2025\/04\/catalogue-760x638.png 760w, https:\/\/www.delf-cadres.com\/wp-content\/uploads\/2025\/04\/catalogue-466x391.png 466w, https:\/\/www.delf-cadres.com\/wp-content\/uploads\/2025\/04\/catalogue-570x479.png 570w, https:\/\/www.delf-cadres.com\/wp-content\/uploads\/2025\/04\/catalogue.png 1217w\" sizes=\"(max-width: 1024px) 100vw, 1024px\" \/>\t\t\t\t\t\t\t\t<\/a>\n\t\t\t\t\t\t\t\t\t\t\t\t\t\t\t<\/div>\n\t\t\t\t<\/div>\n\t\t\t\t\t<\/div>\n\t\t<\/div>\n\t\t\t\t\t<\/div>\n\t\t<\/section>\n\t\t\t\t<\/div>\n\t\t","protected":false},"excerpt":{"rendered":"<p>Suchen Sie nach einem Modell oder w\u00e4hlen Sie aus unseren Ausf\u00fchrungen, T\u00f6nen, Farben, Stilen, Formen, Materialien, Kassenarten &#8230; Der Katalog Zeitgen\u00f6ssisch oder stilvoll, modern oder dekorativ, unsere Rahmenkollektionen bieten eine gro\u00dfe Auswahl. Unsere Rahmen werden von unseren erfahrenen Handwerkern in unserem Atelier in der Normandie handgefertigt. Die gef\u00fcllten Ecken erm\u00f6glichen ein gleichm\u00e4\u00dfiges Finish f\u00fcr moderne&hellip;<\/p>\n","protected":false},"author":1,"featured_media":0,"parent":0,"menu_order":0,"comment_status":"closed","ping_status":"closed","template":"","meta":{"footnotes":""},"class_list":["post-6096","page","type-page","status-publish","hentry"],"_links":{"self":[{"href":"https:\/\/www.delf-cadres.com\/de\/wp-json\/wp\/v2\/pages\/6096","targetHints":{"allow":["GET"]}}],"collection":[{"href":"https:\/\/www.delf-cadres.com\/de\/wp-json\/wp\/v2\/pages"}],"about":[{"href":"https:\/\/www.delf-cadres.com\/de\/wp-json\/wp\/v2\/types\/page"}],"author":[{"embeddable":true,"href":"https:\/\/www.delf-cadres.com\/de\/wp-json\/wp\/v2\/users\/1"}],"replies":[{"embeddable":true,"href":"https:\/\/www.delf-cadres.com\/de\/wp-json\/wp\/v2\/comments?post=6096"}],"version-history":[{"count":12,"href":"https:\/\/www.delf-cadres.com\/de\/wp-json\/wp\/v2\/pages\/6096\/revisions"}],"predecessor-version":[{"id":6472,"href":"https:\/\/www.delf-cadres.com\/de\/wp-json\/wp\/v2\/pages\/6096\/revisions\/6472"}],"wp:attachment":[{"href":"https:\/\/www.delf-cadres.com\/de\/wp-json\/wp\/v2\/media?parent=6096"}],"curies":[{"name":"wp","href":"https:\/\/api.w.org\/{rel}","templated":true}]}}