{"id":6088,"date":"2025-04-11T12:15:59","date_gmt":"2025-04-11T10:15:59","guid":{"rendered":"https:\/\/www.delf-cadres.com\/das-geschaeft\/"},"modified":"2025-04-30T09:40:16","modified_gmt":"2025-04-30T07:40:16","slug":"das-geschaeft","status":"publish","type":"page","link":"https:\/\/www.delf-cadres.com\/de\/das-geschaeft\/","title":{"rendered":"Gesch\u00e4ft"},"content":{"rendered":"\t\t<div data-elementor-type=\"wp-post\" data-elementor-id=\"6088\" class=\"elementor elementor-6088 elementor-5357\" data-elementor-post-type=\"page\">\n\t\t\t\t\t\t<section class=\"elementor-section elementor-top-section elementor-element elementor-element-767531f elementor-section-boxed elementor-section-height-default elementor-section-height-default sc_fly_static\" data-id=\"767531f\" data-element_type=\"section\" data-settings=\"{&quot;background_background&quot;:&quot;classic&quot;}\">\n\t\t\t\t\t\t<div class=\"elementor-container elementor-column-gap-extended\">\n\t\t\t\t\t<div class=\"elementor-column elementor-col-50 elementor-top-column elementor-element elementor-element-847572d sc_inner_width_none sc_content_align_inherit sc_layouts_column_icons_position_left sc_fly_static\" data-id=\"847572d\" data-element_type=\"column\">\n\t\t\t<div class=\"elementor-widget-wrap elementor-element-populated\">\n\t\t\t\t\t\t<div class=\"elementor-element elementor-element-42f2f819 sc_fly_static elementor-widget elementor-widget-trx_sc_title\" data-id=\"42f2f819\" data-element_type=\"widget\" data-widget_type=\"trx_sc_title.default\">\n\t\t\t\t<div class=\"elementor-widget-container\">\n\t\t\t\t\t<div\t\tclass=\"sc_title sc_title_default\"><h1 class=\"sc_item_title sc_title_title sc_item_title_style_default sc_item_title_tag\"\n\t\t\t><span class=\"sc_item_title_text\">Das Gesch\u00e4ft<\/span><\/h1><\/div>\t\t\t\t<\/div>\n\t\t\t\t<\/div>\n\t\t\t\t<div class=\"elementor-element elementor-element-b989235 sc_fly_static elementor-widget elementor-widget-trx_sc_title\" data-id=\"b989235\" data-element_type=\"widget\" data-widget_type=\"trx_sc_title.default\">\n\t\t\t\t<div class=\"elementor-widget-container\">\n\t\t\t\t\t<div\t\tclass=\"sc_title sc_title_default\"><h1 class=\"sc_item_title sc_title_title sc_item_title_style_default sc_item_title_tag trx_addons_inline_1753702099\"\n\t\t\t><span class=\"sc_item_title_text\">Paris VIII<sup>e<\/sup><\/span><\/h1><\/div>\t\t\t\t<\/div>\n\t\t\t\t<\/div>\n\t\t\t\t<div class=\"elementor-element elementor-element-3d4a83b1 sc_fly_static elementor-widget elementor-widget-spacer\" data-id=\"3d4a83b1\" data-element_type=\"widget\" data-widget_type=\"spacer.default\">\n\t\t\t\t<div class=\"elementor-widget-container\">\n\t\t\t\t\t\t\t<div class=\"elementor-spacer\">\n\t\t\t<div class=\"elementor-spacer-inner\"><\/div>\n\t\t<\/div>\n\t\t\t\t\t\t<\/div>\n\t\t\t\t<\/div>\n\t\t\t\t<div class=\"elementor-element elementor-element-708e7647 sc_fly_static elementor-widget elementor-widget-text-editor\" data-id=\"708e7647\" data-element_type=\"widget\" data-widget_type=\"text-editor.default\">\n\t\t\t\t<div class=\"elementor-widget-container\">\n\t\t\t\t\t\t\t\t\t<p>Das seit 1970 bekannte Gesch\u00e4ft DELF Paris befindet sich seit 2010 im 8. Arrondissement, im Herzen der Champs Elys\u00e9es-Faubourg Saint-Honor\u00e9.<\/p><p>Fachleute, Institutionen und Privatpersonen finden hier Empfang, Beratung und Auswahl.<\/p><p>Dort werden sofort verf\u00fcgbare Rahmen in Standardformaten angeboten. Dort werden wir mit dem Kunden alle spezifischen W\u00fcnsche besprechen. Unsere Verk\u00e4ufer werden Sie beraten und Sie zu einer Wahl f\u00fchren, die das zu pr\u00e4sentierende Kunstwerk voll zur Geltung bringt. Unabh\u00e4ngig von der Art der Leinwand oder des Papiers, der verwendeten Technik (\u00d6l, Gouache, Acryl), dem Stil (alt, modern oder zeitgen\u00f6ssisch) werden Ihnen mehrere Vorschl\u00e4ge unterbreitet, um ein koh\u00e4rentes und originelles Ergebnis zu gew\u00e4hrleisten, wobei das zu rahmende Objekt stets respektiert wird.<\/p><p>Auch Spiegelrahmen werden angeboten.<\/p><p><strong>Das Gesch\u00e4ft ist durchgehend von Dienstag bis Samstag von 10:00 bis 18:00 Uhr ge\u00f6ffnet <br>in<\/strong><strong> 19 Rue de Penthi\u00e8vre, Paris 8.<br><\/strong> <\/p>\t\t\t\t\t\t\t\t<\/div>\n\t\t\t\t<\/div>\n\t\t\t\t<div class=\"elementor-element elementor-element-2737fa4 sc_fly_static elementor-widget elementor-widget-heading\" data-id=\"2737fa4\" data-element_type=\"widget\" data-widget_type=\"heading.default\">\n\t\t\t\t<div class=\"elementor-widget-container\">\n\t\t\t\t\t<h6 class=\"elementor-heading-title elementor-size-default\">Kreativit\u00e4t und Tradition, anspruchsvolles Know-how und Anpassungsf\u00e4higkeit.<\/h6>\t\t\t\t<\/div>\n\t\t\t\t<\/div>\n\t\t\t\t<div class=\"elementor-element elementor-element-7f31338 sc_layouts_hide_on_wide sc_layouts_hide_on_desktop sc_layouts_hide_on_notebook sc_layouts_hide_on_tablet sc_fly_static elementor-widget elementor-widget-spacer\" data-id=\"7f31338\" data-element_type=\"widget\" data-widget_type=\"spacer.default\">\n\t\t\t\t<div class=\"elementor-widget-container\">\n\t\t\t\t\t\t\t<div class=\"elementor-spacer\">\n\t\t\t<div class=\"elementor-spacer-inner\"><\/div>\n\t\t<\/div>\n\t\t\t\t\t\t<\/div>\n\t\t\t\t<\/div>\n\t\t\t\t\t<\/div>\n\t\t<\/div>\n\t\t\t\t<div class=\"elementor-column elementor-col-50 elementor-top-column elementor-element elementor-element-ae61e7e sc_inner_width_none sc_content_align_inherit sc_layouts_column_icons_position_left sc_fly_static\" data-id=\"ae61e7e\" data-element_type=\"column\">\n\t\t\t<div class=\"elementor-widget-wrap elementor-element-populated\">\n\t\t\t\t\t\t<div class=\"elementor-element elementor-element-a65091b sc_fly_static elementor-widget elementor-widget-image\" data-id=\"a65091b\" data-element_type=\"widget\" data-widget_type=\"image.default\">\n\t\t\t\t<div class=\"elementor-widget-container\">\n\t\t\t\t\t\t\t\t\t\t\t\t\t\t\t<img fetchpriority=\"high\" decoding=\"async\" width=\"1000\" height=\"667\" src=\"https:\/\/www.delf-cadres.com\/wp-content\/uploads\/2024\/08\/magasin-150-1.jpg\" class=\"attachment-large size-large wp-image-5027\" alt=\"\" srcset=\"https:\/\/www.delf-cadres.com\/wp-content\/uploads\/2024\/08\/magasin-150-1.jpg 1000w, https:\/\/www.delf-cadres.com\/wp-content\/uploads\/2024\/08\/magasin-150-1-300x200.jpg 300w, https:\/\/www.delf-cadres.com\/wp-content\/uploads\/2024\/08\/magasin-150-1-768x512.jpg 768w, https:\/\/www.delf-cadres.com\/wp-content\/uploads\/2024\/08\/magasin-150-1-370x247.jpg 370w, https:\/\/www.delf-cadres.com\/wp-content\/uploads\/2024\/08\/magasin-150-1-760x507.jpg 760w, https:\/\/www.delf-cadres.com\/wp-content\/uploads\/2024\/08\/magasin-150-1-466x311.jpg 466w, https:\/\/www.delf-cadres.com\/wp-content\/uploads\/2024\/08\/magasin-150-1-570x380.jpg 570w\" sizes=\"(max-width: 1000px) 100vw, 1000px\" \/>\t\t\t\t\t\t\t\t\t\t\t\t\t\t\t<\/div>\n\t\t\t\t<\/div>\n\t\t\t\t<div class=\"elementor-element elementor-element-7850e91 sc_fly_static elementor-widget elementor-widget-spacer\" data-id=\"7850e91\" data-element_type=\"widget\" data-widget_type=\"spacer.default\">\n\t\t\t\t<div class=\"elementor-widget-container\">\n\t\t\t\t\t\t\t<div class=\"elementor-spacer\">\n\t\t\t<div class=\"elementor-spacer-inner\"><\/div>\n\t\t<\/div>\n\t\t\t\t\t\t<\/div>\n\t\t\t\t<\/div>\n\t\t\t\t<div class=\"elementor-element elementor-element-652040a sc_fly_static elementor-widget elementor-widget-image\" data-id=\"652040a\" data-element_type=\"widget\" data-widget_type=\"image.default\">\n\t\t\t\t<div class=\"elementor-widget-container\">\n\t\t\t\t\t\t\t\t\t\t\t\t\t\t\t<img decoding=\"async\" width=\"1000\" height=\"667\" src=\"https:\/\/www.delf-cadres.com\/wp-content\/uploads\/2024\/08\/delf-mag-2.jpeg\" class=\"attachment-large size-large wp-image-5011\" alt=\"\" srcset=\"https:\/\/www.delf-cadres.com\/wp-content\/uploads\/2024\/08\/delf-mag-2.jpeg 1000w, https:\/\/www.delf-cadres.com\/wp-content\/uploads\/2024\/08\/delf-mag-2-300x200.jpeg 300w, https:\/\/www.delf-cadres.com\/wp-content\/uploads\/2024\/08\/delf-mag-2-768x512.jpeg 768w, https:\/\/www.delf-cadres.com\/wp-content\/uploads\/2024\/08\/delf-mag-2-370x247.jpeg 370w, https:\/\/www.delf-cadres.com\/wp-content\/uploads\/2024\/08\/delf-mag-2-760x507.jpeg 760w, https:\/\/www.delf-cadres.com\/wp-content\/uploads\/2024\/08\/delf-mag-2-466x311.jpeg 466w, https:\/\/www.delf-cadres.com\/wp-content\/uploads\/2024\/08\/delf-mag-2-570x380.jpeg 570w\" sizes=\"(max-width: 1000px) 100vw, 1000px\" \/>\t\t\t\t\t\t\t\t\t\t\t\t\t\t\t<\/div>\n\t\t\t\t<\/div>\n\t\t\t\t\t<\/div>\n\t\t<\/div>\n\t\t\t\t\t<\/div>\n\t\t<\/section>\n\t\t\t\t<section class=\"elementor-section elementor-top-section elementor-element elementor-element-2121866e elementor-section-boxed elementor-section-height-default elementor-section-height-default sc_fly_static\" data-id=\"2121866e\" data-element_type=\"section\">\n\t\t\t\t\t\t<div class=\"elementor-container elementor-column-gap-extended\">\n\t\t\t\t\t<div class=\"elementor-column elementor-col-100 elementor-top-column elementor-element elementor-element-6008df05 sc_inner_width_none sc_content_align_inherit sc_layouts_column_icons_position_left sc_fly_static\" data-id=\"6008df05\" data-element_type=\"column\">\n\t\t\t<div class=\"elementor-widget-wrap elementor-element-populated\">\n\t\t\t\t\t\t<div class=\"elementor-element elementor-element-2b761e9 sc_fly_static elementor-widget elementor-widget-spacer\" data-id=\"2b761e9\" data-element_type=\"widget\" data-widget_type=\"spacer.default\">\n\t\t\t\t<div class=\"elementor-widget-container\">\n\t\t\t\t\t\t\t<div class=\"elementor-spacer\">\n\t\t\t<div class=\"elementor-spacer-inner\"><\/div>\n\t\t<\/div>\n\t\t\t\t\t\t<\/div>\n\t\t\t\t<\/div>\n\t\t\t\t<div class=\"elementor-element elementor-element-2907652 sc_fly_static elementor-widget elementor-widget-gallery\" data-id=\"2907652\" data-element_type=\"widget\" data-settings=\"{&quot;gallery_layout&quot;:&quot;masonry&quot;,&quot;lazyload&quot;:&quot;yes&quot;,&quot;columns&quot;:4,&quot;columns_tablet&quot;:2,&quot;columns_mobile&quot;:1,&quot;gap&quot;:{&quot;unit&quot;:&quot;px&quot;,&quot;size&quot;:10,&quot;sizes&quot;:[]},&quot;gap_tablet&quot;:{&quot;unit&quot;:&quot;px&quot;,&quot;size&quot;:10,&quot;sizes&quot;:[]},&quot;gap_mobile&quot;:{&quot;unit&quot;:&quot;px&quot;,&quot;size&quot;:10,&quot;sizes&quot;:[]},&quot;link_to&quot;:&quot;file&quot;,&quot;overlay_background&quot;:&quot;yes&quot;,&quot;content_hover_animation&quot;:&quot;fade-in&quot;}\" data-widget_type=\"gallery.default\">\n\t\t\t\t<div class=\"elementor-widget-container\">\n\t\t\t\t\t\t\t<div class=\"elementor-gallery__container\">\n\t\t\t\t\t\t\t<a class=\"e-gallery-item elementor-gallery-item elementor-animated-content\" href=\"https:\/\/www.delf-cadres.com\/wp-content\/uploads\/2024\/08\/Delf6.png\" data-elementor-open-lightbox=\"yes\" data-elementor-lightbox-slideshow=\"2907652\" data-elementor-lightbox-title=\"Delf6\" data-e-action-hash=\"#elementor-action%3Aaction%3Dlightbox%26settings%3DeyJpZCI6NDA0MywidXJsIjoiaHR0cHM6XC9cL3d3dy5kZWxmLWNhZHJlcy5jb21cL3dwLWNvbnRlbnRcL3VwbG9hZHNcLzIwMjRcLzA4XC9EZWxmNi5wbmciLCJzbGlkZXNob3ciOiIyOTA3NjUyIn0%3D\">\n\t\t\t\t\t<div class=\"e-gallery-image elementor-gallery-item__image\" data-thumbnail=\"https:\/\/www.delf-cadres.com\/wp-content\/uploads\/2024\/08\/Delf6-239x300.png\" data-width=\"239\" data-height=\"300\" aria-label=\"\" role=\"img\" ><\/div>\n\t\t\t\t\t\t\t\t\t\t\t<div class=\"elementor-gallery-item__overlay\"><\/div>\n\t\t\t\t\t\t\t\t\t\t\t\t\t\t<\/a>\n\t\t\t\t\t\t\t<a class=\"e-gallery-item elementor-gallery-item elementor-animated-content\" href=\"https:\/\/www.delf-cadres.com\/wp-content\/uploads\/2024\/08\/Delf4.png\" data-elementor-open-lightbox=\"yes\" data-elementor-lightbox-slideshow=\"2907652\" data-elementor-lightbox-title=\"Delf4\" data-e-action-hash=\"#elementor-action%3Aaction%3Dlightbox%26settings%3DeyJpZCI6NDA0MSwidXJsIjoiaHR0cHM6XC9cL3d3dy5kZWxmLWNhZHJlcy5jb21cL3dwLWNvbnRlbnRcL3VwbG9hZHNcLzIwMjRcLzA4XC9EZWxmNC5wbmciLCJzbGlkZXNob3ciOiIyOTA3NjUyIn0%3D\">\n\t\t\t\t\t<div class=\"e-gallery-image elementor-gallery-item__image\" data-thumbnail=\"https:\/\/www.delf-cadres.com\/wp-content\/uploads\/2024\/08\/Delf4-239x300.png\" data-width=\"239\" data-height=\"300\" aria-label=\"\" role=\"img\" ><\/div>\n\t\t\t\t\t\t\t\t\t\t\t<div class=\"elementor-gallery-item__overlay\"><\/div>\n\t\t\t\t\t\t\t\t\t\t\t\t\t\t<\/a>\n\t\t\t\t\t\t\t<a class=\"e-gallery-item elementor-gallery-item elementor-animated-content\" href=\"https:\/\/www.delf-cadres.com\/wp-content\/uploads\/2024\/08\/Delf2.png\" data-elementor-open-lightbox=\"yes\" data-elementor-lightbox-slideshow=\"2907652\" data-elementor-lightbox-title=\"Delf2\" data-e-action-hash=\"#elementor-action%3Aaction%3Dlightbox%26settings%3DeyJpZCI6NDAzOSwidXJsIjoiaHR0cHM6XC9cL3d3dy5kZWxmLWNhZHJlcy5jb21cL3dwLWNvbnRlbnRcL3VwbG9hZHNcLzIwMjRcLzA4XC9EZWxmMi5wbmciLCJzbGlkZXNob3ciOiIyOTA3NjUyIn0%3D\">\n\t\t\t\t\t<div class=\"e-gallery-image elementor-gallery-item__image\" data-thumbnail=\"https:\/\/www.delf-cadres.com\/wp-content\/uploads\/2024\/08\/Delf2-239x300.png\" data-width=\"239\" data-height=\"300\" aria-label=\"\" role=\"img\" ><\/div>\n\t\t\t\t\t\t\t\t\t\t\t<div class=\"elementor-gallery-item__overlay\"><\/div>\n\t\t\t\t\t\t\t\t\t\t\t\t\t\t<\/a>\n\t\t\t\t\t\t\t<a class=\"e-gallery-item elementor-gallery-item elementor-animated-content\" href=\"https:\/\/www.delf-cadres.com\/wp-content\/uploads\/2024\/08\/Delf5.png\" data-elementor-open-lightbox=\"yes\" data-elementor-lightbox-slideshow=\"2907652\" data-elementor-lightbox-title=\"Delf5\" data-e-action-hash=\"#elementor-action%3Aaction%3Dlightbox%26settings%3DeyJpZCI6NDA0MiwidXJsIjoiaHR0cHM6XC9cL3d3dy5kZWxmLWNhZHJlcy5jb21cL3dwLWNvbnRlbnRcL3VwbG9hZHNcLzIwMjRcLzA4XC9EZWxmNS5wbmciLCJzbGlkZXNob3ciOiIyOTA3NjUyIn0%3D\">\n\t\t\t\t\t<div class=\"e-gallery-image elementor-gallery-item__image\" data-thumbnail=\"https:\/\/www.delf-cadres.com\/wp-content\/uploads\/2024\/08\/Delf5-240x300.png\" data-width=\"240\" data-height=\"300\" aria-label=\"\" role=\"img\" ><\/div>\n\t\t\t\t\t\t\t\t\t\t\t<div class=\"elementor-gallery-item__overlay\"><\/div>\n\t\t\t\t\t\t\t\t\t\t\t\t\t\t<\/a>\n\t\t\t\t\t\t\t<a class=\"e-gallery-item elementor-gallery-item elementor-animated-content\" href=\"https:\/\/www.delf-cadres.com\/wp-content\/uploads\/2024\/08\/Delf9.png\" data-elementor-open-lightbox=\"yes\" data-elementor-lightbox-slideshow=\"2907652\" data-elementor-lightbox-title=\"Delf9\" data-e-action-hash=\"#elementor-action%3Aaction%3Dlightbox%26settings%3DeyJpZCI6NDA0NiwidXJsIjoiaHR0cHM6XC9cL3d3dy5kZWxmLWNhZHJlcy5jb21cL3dwLWNvbnRlbnRcL3VwbG9hZHNcLzIwMjRcLzA4XC9EZWxmOS5wbmciLCJzbGlkZXNob3ciOiIyOTA3NjUyIn0%3D\">\n\t\t\t\t\t<div class=\"e-gallery-image elementor-gallery-item__image\" data-thumbnail=\"https:\/\/www.delf-cadres.com\/wp-content\/uploads\/2024\/08\/Delf9-239x300.png\" data-width=\"239\" data-height=\"300\" aria-label=\"\" role=\"img\" ><\/div>\n\t\t\t\t\t\t\t\t\t\t\t<div class=\"elementor-gallery-item__overlay\"><\/div>\n\t\t\t\t\t\t\t\t\t\t\t\t\t\t<\/a>\n\t\t\t\t\t\t\t<a class=\"e-gallery-item elementor-gallery-item elementor-animated-content\" href=\"https:\/\/www.delf-cadres.com\/wp-content\/uploads\/2024\/08\/Delf8.png\" data-elementor-open-lightbox=\"yes\" data-elementor-lightbox-slideshow=\"2907652\" data-elementor-lightbox-title=\"Delf8\" data-e-action-hash=\"#elementor-action%3Aaction%3Dlightbox%26settings%3DeyJpZCI6NDA0NSwidXJsIjoiaHR0cHM6XC9cL3d3dy5kZWxmLWNhZHJlcy5jb21cL3dwLWNvbnRlbnRcL3VwbG9hZHNcLzIwMjRcLzA4XC9EZWxmOC5wbmciLCJzbGlkZXNob3ciOiIyOTA3NjUyIn0%3D\">\n\t\t\t\t\t<div class=\"e-gallery-image elementor-gallery-item__image\" data-thumbnail=\"https:\/\/www.delf-cadres.com\/wp-content\/uploads\/2024\/08\/Delf8-239x300.png\" data-width=\"239\" data-height=\"300\" aria-label=\"\" role=\"img\" ><\/div>\n\t\t\t\t\t\t\t\t\t\t\t<div class=\"elementor-gallery-item__overlay\"><\/div>\n\t\t\t\t\t\t\t\t\t\t\t\t\t\t<\/a>\n\t\t\t\t\t\t\t<a class=\"e-gallery-item elementor-gallery-item elementor-animated-content\" href=\"https:\/\/www.delf-cadres.com\/wp-content\/uploads\/2024\/08\/Delf3.png\" data-elementor-open-lightbox=\"yes\" data-elementor-lightbox-slideshow=\"2907652\" data-elementor-lightbox-title=\"Delf3\" data-e-action-hash=\"#elementor-action%3Aaction%3Dlightbox%26settings%3DeyJpZCI6NDA0MCwidXJsIjoiaHR0cHM6XC9cL3d3dy5kZWxmLWNhZHJlcy5jb21cL3dwLWNvbnRlbnRcL3VwbG9hZHNcLzIwMjRcLzA4XC9EZWxmMy5wbmciLCJzbGlkZXNob3ciOiIyOTA3NjUyIn0%3D\">\n\t\t\t\t\t<div class=\"e-gallery-image elementor-gallery-item__image\" data-thumbnail=\"https:\/\/www.delf-cadres.com\/wp-content\/uploads\/2024\/08\/Delf3-239x300.png\" data-width=\"239\" data-height=\"300\" aria-label=\"\" role=\"img\" ><\/div>\n\t\t\t\t\t\t\t\t\t\t\t<div class=\"elementor-gallery-item__overlay\"><\/div>\n\t\t\t\t\t\t\t\t\t\t\t\t\t\t<\/a>\n\t\t\t\t\t\t\t<a class=\"e-gallery-item elementor-gallery-item elementor-animated-content\" href=\"https:\/\/www.delf-cadres.com\/wp-content\/uploads\/2024\/08\/Delf7.png\" data-elementor-open-lightbox=\"yes\" data-elementor-lightbox-slideshow=\"2907652\" data-elementor-lightbox-title=\"Delf7\" data-e-action-hash=\"#elementor-action%3Aaction%3Dlightbox%26settings%3DeyJpZCI6NDA0NCwidXJsIjoiaHR0cHM6XC9cL3d3dy5kZWxmLWNhZHJlcy5jb21cL3dwLWNvbnRlbnRcL3VwbG9hZHNcLzIwMjRcLzA4XC9EZWxmNy5wbmciLCJzbGlkZXNob3ciOiIyOTA3NjUyIn0%3D\">\n\t\t\t\t\t<div class=\"e-gallery-image elementor-gallery-item__image\" data-thumbnail=\"https:\/\/www.delf-cadres.com\/wp-content\/uploads\/2024\/08\/Delf7-239x300.png\" data-width=\"239\" data-height=\"300\" aria-label=\"\" role=\"img\" ><\/div>\n\t\t\t\t\t\t\t\t\t\t\t<div class=\"elementor-gallery-item__overlay\"><\/div>\n\t\t\t\t\t\t\t\t\t\t\t\t\t\t<\/a>\n\t\t\t\t\t<\/div>\n\t\t\t\t\t<\/div>\n\t\t\t\t<\/div>\n\t\t\t\t\t<\/div>\n\t\t<\/div>\n\t\t\t\t\t<\/div>\n\t\t<\/section>\n\t\t\t\t<section class=\"elementor-section elementor-top-section elementor-element elementor-element-e9f7605 elementor-section-boxed elementor-section-height-default elementor-section-height-default sc_fly_static\" data-id=\"e9f7605\" data-element_type=\"section\">\n\t\t\t\t\t\t<div class=\"elementor-container elementor-column-gap-extended\">\n\t\t\t\t\t<div class=\"elementor-column elementor-col-100 elementor-top-column elementor-element elementor-element-2f168f9 sc_inner_width_none sc_content_align_inherit sc_layouts_column_icons_position_left sc_fly_static\" data-id=\"2f168f9\" data-element_type=\"column\">\n\t\t\t<div class=\"elementor-widget-wrap elementor-element-populated\">\n\t\t\t\t\t\t<div class=\"elementor-element elementor-element-cd1dda1 sc_fly_static elementor-widget elementor-widget-spacer\" data-id=\"cd1dda1\" data-element_type=\"widget\" data-widget_type=\"spacer.default\">\n\t\t\t\t<div class=\"elementor-widget-container\">\n\t\t\t\t\t\t\t<div class=\"elementor-spacer\">\n\t\t\t<div class=\"elementor-spacer-inner\"><\/div>\n\t\t<\/div>\n\t\t\t\t\t\t<\/div>\n\t\t\t\t<\/div>\n\t\t\t\t\t<\/div>\n\t\t<\/div>\n\t\t\t\t\t<\/div>\n\t\t<\/section>\n\t\t\t\t<\/div>\n\t\t","protected":false},"excerpt":{"rendered":"<p>Das Gesch\u00e4ft Paris VIIIe Das seit 1970 bekannte Gesch\u00e4ft DELF Paris befindet sich seit 2010 im 8. Arrondissement, im Herzen der Champs Elys\u00e9es-Faubourg Saint-Honor\u00e9. Fachleute, Institutionen und Privatpersonen finden hier Empfang, Beratung und Auswahl. Dort werden sofort verf\u00fcgbare Rahmen in Standardformaten angeboten. Dort werden wir mit dem Kunden alle spezifischen W\u00fcnsche besprechen. Unsere Verk\u00e4ufer werden&hellip;<\/p>\n","protected":false},"author":1,"featured_media":0,"parent":0,"menu_order":0,"comment_status":"closed","ping_status":"closed","template":"","meta":{"footnotes":""},"class_list":["post-6088","page","type-page","status-publish","hentry"],"_links":{"self":[{"href":"https:\/\/www.delf-cadres.com\/de\/wp-json\/wp\/v2\/pages\/6088","targetHints":{"allow":["GET"]}}],"collection":[{"href":"https:\/\/www.delf-cadres.com\/de\/wp-json\/wp\/v2\/pages"}],"about":[{"href":"https:\/\/www.delf-cadres.com\/de\/wp-json\/wp\/v2\/types\/page"}],"author":[{"embeddable":true,"href":"https:\/\/www.delf-cadres.com\/de\/wp-json\/wp\/v2\/users\/1"}],"replies":[{"embeddable":true,"href":"https:\/\/www.delf-cadres.com\/de\/wp-json\/wp\/v2\/comments?post=6088"}],"version-history":[{"count":5,"href":"https:\/\/www.delf-cadres.com\/de\/wp-json\/wp\/v2\/pages\/6088\/revisions"}],"predecessor-version":[{"id":6290,"href":"https:\/\/www.delf-cadres.com\/de\/wp-json\/wp\/v2\/pages\/6088\/revisions\/6290"}],"wp:attachment":[{"href":"https:\/\/www.delf-cadres.com\/de\/wp-json\/wp\/v2\/media?parent=6088"}],"curies":[{"name":"wp","href":"https:\/\/api.w.org\/{rel}","templated":true}]}}