{"id":6066,"date":"2025-04-11T12:41:44","date_gmt":"2025-04-11T10:41:44","guid":{"rendered":"https:\/\/www.delf-cadres.com\/entwerfen\/"},"modified":"2025-08-30T11:30:14","modified_gmt":"2025-08-30T09:30:14","slug":"entwerfen","status":"publish","type":"page","link":"https:\/\/www.delf-cadres.com\/de\/entwerfen\/","title":{"rendered":"Entwerfen"},"content":{"rendered":"\t\t<div data-elementor-type=\"wp-post\" data-elementor-id=\"6066\" class=\"elementor elementor-6066 elementor-5389\" data-elementor-post-type=\"page\">\n\t\t\t\t\t\t<section class=\"elementor-section elementor-top-section elementor-element elementor-element-190157f elementor-section-boxed elementor-section-height-default elementor-section-height-default sc_fly_static\" data-id=\"190157f\" data-element_type=\"section\">\n\t\t\t\t\t\t<div class=\"elementor-container elementor-column-gap-extended\">\n\t\t\t\t\t<div class=\"elementor-column elementor-col-100 elementor-top-column elementor-element elementor-element-63b144b sc_inner_width_none sc_content_align_inherit sc_layouts_column_icons_position_left sc_fly_static\" data-id=\"63b144b\" data-element_type=\"column\">\n\t\t\t<div class=\"elementor-widget-wrap elementor-element-populated\">\n\t\t\t\t\t\t<div class=\"elementor-element elementor-element-aead33d sc_fly_static elementor-widget elementor-widget-spacer\" data-id=\"aead33d\" data-element_type=\"widget\" data-widget_type=\"spacer.default\">\n\t\t\t\t<div class=\"elementor-widget-container\">\n\t\t\t\t\t\t\t<div class=\"elementor-spacer\">\n\t\t\t<div class=\"elementor-spacer-inner\"><\/div>\n\t\t<\/div>\n\t\t\t\t\t\t<\/div>\n\t\t\t\t<\/div>\n\t\t\t\t\t<\/div>\n\t\t<\/div>\n\t\t\t\t\t<\/div>\n\t\t<\/section>\n\t\t\t\t<section class=\"elementor-section elementor-top-section elementor-element elementor-element-eb1603f elementor-section-boxed elementor-section-height-default elementor-section-height-default sc_fly_static\" data-id=\"eb1603f\" data-element_type=\"section\" data-settings=\"{&quot;background_background&quot;:&quot;classic&quot;}\">\n\t\t\t\t\t\t<div class=\"elementor-container elementor-column-gap-extended\">\n\t\t\t\t\t<div class=\"elementor-column elementor-col-50 elementor-top-column elementor-element elementor-element-2c154e7 sc_inner_width_none sc_content_align_inherit sc_layouts_column_icons_position_left sc_fly_static\" data-id=\"2c154e7\" data-element_type=\"column\">\n\t\t\t<div class=\"elementor-widget-wrap elementor-element-populated\">\n\t\t\t\t\t\t<div class=\"elementor-element elementor-element-bf05ed9 elementor-widget__width-initial sc_fly_static elementor-widget elementor-widget-trx_sc_title\" data-id=\"bf05ed9\" data-element_type=\"widget\" data-widget_type=\"trx_sc_title.default\">\n\t\t\t\t<div class=\"elementor-widget-container\">\n\t\t\t\t\t<div\t\tclass=\"sc_title sc_title_default\"><h1 class=\"sc_item_title sc_title_title sc_item_title_style_default sc_item_title_tag\"\n\t\t\t><span class=\"sc_item_title_text\">Meinen Rahmen mit dem virtuellen Werkzeug entwerfen<\/span><\/h1><\/div>\t\t\t\t<\/div>\n\t\t\t\t<\/div>\n\t\t\t\t<div class=\"elementor-element elementor-element-a6e5efb sc_fly_static elementor-widget elementor-widget-spacer\" data-id=\"a6e5efb\" data-element_type=\"widget\" data-widget_type=\"spacer.default\">\n\t\t\t\t<div class=\"elementor-widget-container\">\n\t\t\t\t\t\t\t<div class=\"elementor-spacer\">\n\t\t\t<div class=\"elementor-spacer-inner\"><\/div>\n\t\t<\/div>\n\t\t\t\t\t\t<\/div>\n\t\t\t\t<\/div>\n\t\t\t\t<div class=\"elementor-element elementor-element-d1d84d6 sc_fly_static elementor-widget elementor-widget-text-editor\" data-id=\"d1d84d6\" data-element_type=\"widget\" data-widget_type=\"text-editor.default\">\n\t\t\t\t<div class=\"elementor-widget-container\">\n\t\t\t\t\t\t\t\t\t<p><span style=\"font-size: 1rem;\">Erwecken Sie Ihre Vision mit unserem virtuellen Bilderrahmen zum Leben. Erkunden Sie Stile, Gr\u00f6\u00dfen und Ausf\u00fchrungen in Echtzeit, bequem von zu Hause aus.<\/span><\/p>\t\t\t\t\t\t\t\t<\/div>\n\t\t\t\t<\/div>\n\t\t\t\t<div class=\"elementor-element elementor-element-876e45a sc_fly_static elementor-widget elementor-widget-spacer\" data-id=\"876e45a\" data-element_type=\"widget\" data-widget_type=\"spacer.default\">\n\t\t\t\t<div class=\"elementor-widget-container\">\n\t\t\t\t\t\t\t<div class=\"elementor-spacer\">\n\t\t\t<div class=\"elementor-spacer-inner\"><\/div>\n\t\t<\/div>\n\t\t\t\t\t\t<\/div>\n\t\t\t\t<\/div>\n\t\t\t\t<div class=\"elementor-element elementor-element-541aed1 sc_fly_static elementor-widget elementor-widget-text-editor\" data-id=\"541aed1\" data-element_type=\"widget\" data-widget_type=\"text-editor.default\">\n\t\t\t\t<div class=\"elementor-widget-container\">\n\t\t\t\t\t\t\t\t\t<ol><li><span style=\"font-size: 1rem;\">W\u00e4hlen Sie die Art des Werkes, das Sie einrahmen m\u00f6chten.<\/span><\/li><li><span style=\"font-size: 1rem;\">Laden Sie Ihr Werk hoch oder w\u00e4hlen Sie ein Beispielbild.<\/span><\/li><li><span style=\"font-size: 1rem;\">Experimentieren Sie mit verschiedenen Stilen, Farben und Oberfl\u00e4chen, um die ideale L\u00f6sung zu finden.<\/span><\/li><li><span style=\"font-size: 1rem;\">Unterbreiten Sie uns Ihren Entwurf, um ein individuelles Angebot zu erhalten, oder <a href=\"https:\/\/www.delf-cadres.com\/de\/kontakte\/\">vereinbaren Sie einen Termin in unserem Gesch\u00e4ft.<\/a><\/span><\/li><\/ol>\t\t\t\t\t\t\t\t<\/div>\n\t\t\t\t<\/div>\n\t\t\t\t\t<\/div>\n\t\t<\/div>\n\t\t\t\t<div class=\"elementor-column elementor-col-50 elementor-top-column elementor-element elementor-element-612ba67 sc_layouts_hide_on_mobile sc_inner_width_none sc_content_align_inherit sc_layouts_column_icons_position_left sc_fly_static\" data-id=\"612ba67\" data-element_type=\"column\">\n\t\t\t<div class=\"elementor-widget-wrap elementor-element-populated\">\n\t\t\t\t\t\t<div class=\"elementor-element elementor-element-f44fd77 gallery-spacing-custom sc_fly_static elementor-widget elementor-widget-image-gallery\" data-id=\"f44fd77\" data-element_type=\"widget\" data-widget_type=\"image-gallery.default\">\n\t\t\t\t<div class=\"elementor-widget-container\">\n\t\t\t\t\t\t\t<div class=\"elementor-image-gallery\">\n\t\t\t<div id='gallery-1' class='gallery galleryid-6066 gallery-columns-4 gallery-size-thumbnail'><figure class='gallery-item'>\n\t\t\t<div class='gallery-icon portrait'>\n\t\t\t\t<img decoding=\"async\" width=\"150\" height=\"150\" src=\"https:\/\/www.delf-cadres.com\/wp-content\/uploads\/2025\/04\/realisation-2-150x150.jpg\" class=\"attachment-thumbnail size-thumbnail\" alt=\"\" srcset=\"https:\/\/www.delf-cadres.com\/wp-content\/uploads\/2025\/04\/realisation-2-150x150.jpg 150w, https:\/\/www.delf-cadres.com\/wp-content\/uploads\/2025\/04\/realisation-2-90x90.jpg 90w, https:\/\/www.delf-cadres.com\/wp-content\/uploads\/2025\/04\/realisation-2-370x370.jpg 370w\" sizes=\"(max-width: 150px) 100vw, 150px\" \/>\n\t\t\t<\/div><\/figure><figure class='gallery-item'>\n\t\t\t<div class='gallery-icon portrait'>\n\t\t\t\t<img decoding=\"async\" width=\"150\" height=\"150\" src=\"https:\/\/www.delf-cadres.com\/wp-content\/uploads\/2025\/04\/realisation-21-150x150.jpg\" class=\"attachment-thumbnail size-thumbnail\" alt=\"\" srcset=\"https:\/\/www.delf-cadres.com\/wp-content\/uploads\/2025\/04\/realisation-21-150x150.jpg 150w, https:\/\/www.delf-cadres.com\/wp-content\/uploads\/2025\/04\/realisation-21-90x90.jpg 90w, https:\/\/www.delf-cadres.com\/wp-content\/uploads\/2025\/04\/realisation-21-660x660.jpg 660w, https:\/\/www.delf-cadres.com\/wp-content\/uploads\/2025\/04\/realisation-21-370x370.jpg 370w\" sizes=\"(max-width: 150px) 100vw, 150px\" \/>\n\t\t\t<\/div><\/figure><figure class='gallery-item'>\n\t\t\t<div class='gallery-icon portrait'>\n\t\t\t\t<img decoding=\"async\" width=\"150\" height=\"150\" src=\"https:\/\/www.delf-cadres.com\/wp-content\/uploads\/2025\/04\/realisation-4-150x150.jpg\" class=\"attachment-thumbnail size-thumbnail\" alt=\"\" srcset=\"https:\/\/www.delf-cadres.com\/wp-content\/uploads\/2025\/04\/realisation-4-150x150.jpg 150w, https:\/\/www.delf-cadres.com\/wp-content\/uploads\/2025\/04\/realisation-4-90x90.jpg 90w, https:\/\/www.delf-cadres.com\/wp-content\/uploads\/2025\/04\/realisation-4-660x660.jpg 660w, https:\/\/www.delf-cadres.com\/wp-content\/uploads\/2025\/04\/realisation-4-370x370.jpg 370w\" sizes=\"(max-width: 150px) 100vw, 150px\" \/>\n\t\t\t<\/div><\/figure><figure class='gallery-item'>\n\t\t\t<div class='gallery-icon portrait'>\n\t\t\t\t<img loading=\"lazy\" decoding=\"async\" width=\"150\" height=\"150\" src=\"https:\/\/www.delf-cadres.com\/wp-content\/uploads\/2025\/04\/realisation-10-150x150.jpg\" class=\"attachment-thumbnail size-thumbnail\" alt=\"\" srcset=\"https:\/\/www.delf-cadres.com\/wp-content\/uploads\/2025\/04\/realisation-10-150x150.jpg 150w, https:\/\/www.delf-cadres.com\/wp-content\/uploads\/2025\/04\/realisation-10-90x90.jpg 90w\" sizes=\"(max-width: 150px) 100vw, 150px\" \/>\n\t\t\t<\/div><\/figure><figure class='gallery-item'>\n\t\t\t<div class='gallery-icon portrait'>\n\t\t\t\t<img loading=\"lazy\" decoding=\"async\" width=\"150\" height=\"150\" src=\"https:\/\/www.delf-cadres.com\/wp-content\/uploads\/2025\/04\/panneau-3-150x150.jpg\" class=\"attachment-thumbnail size-thumbnail\" alt=\"\" srcset=\"https:\/\/www.delf-cadres.com\/wp-content\/uploads\/2025\/04\/panneau-3-150x150.jpg 150w, https:\/\/www.delf-cadres.com\/wp-content\/uploads\/2025\/04\/panneau-3-90x90.jpg 90w, https:\/\/www.delf-cadres.com\/wp-content\/uploads\/2025\/04\/panneau-3-660x660.jpg 660w, https:\/\/www.delf-cadres.com\/wp-content\/uploads\/2025\/04\/panneau-3-370x370.jpg 370w\" sizes=\"(max-width: 150px) 100vw, 150px\" \/>\n\t\t\t<\/div><\/figure><figure class='gallery-item'>\n\t\t\t<div class='gallery-icon landscape'>\n\t\t\t\t<img loading=\"lazy\" decoding=\"async\" width=\"150\" height=\"150\" src=\"https:\/\/www.delf-cadres.com\/wp-content\/uploads\/2024\/08\/colonnes4-1-150x150.jpg\" class=\"attachment-thumbnail size-thumbnail\" alt=\"\" srcset=\"https:\/\/www.delf-cadres.com\/wp-content\/uploads\/2024\/08\/colonnes4-1-150x150.jpg 150w, https:\/\/www.delf-cadres.com\/wp-content\/uploads\/2024\/08\/colonnes4-1-90x90.jpg 90w, https:\/\/www.delf-cadres.com\/wp-content\/uploads\/2024\/08\/colonnes4-1-370x370.jpg 370w\" sizes=\"(max-width: 150px) 100vw, 150px\" \/>\n\t\t\t<\/div><\/figure><figure class='gallery-item'>\n\t\t\t<div class='gallery-icon landscape'>\n\t\t\t\t<img loading=\"lazy\" decoding=\"async\" width=\"150\" height=\"150\" src=\"https:\/\/www.delf-cadres.com\/wp-content\/uploads\/2025\/04\/realisation-12-150x150.jpg\" class=\"attachment-thumbnail size-thumbnail\" alt=\"\" srcset=\"https:\/\/www.delf-cadres.com\/wp-content\/uploads\/2025\/04\/realisation-12-150x150.jpg 150w, https:\/\/www.delf-cadres.com\/wp-content\/uploads\/2025\/04\/realisation-12-90x90.jpg 90w, https:\/\/www.delf-cadres.com\/wp-content\/uploads\/2025\/04\/realisation-12-660x660.jpg 660w, https:\/\/www.delf-cadres.com\/wp-content\/uploads\/2025\/04\/realisation-12-370x370.jpg 370w\" sizes=\"(max-width: 150px) 100vw, 150px\" \/>\n\t\t\t<\/div><\/figure><figure class='gallery-item'>\n\t\t\t<div class='gallery-icon landscape'>\n\t\t\t\t<img loading=\"lazy\" decoding=\"async\" width=\"150\" height=\"150\" src=\"https:\/\/www.delf-cadres.com\/wp-content\/uploads\/2025\/04\/realisation-22-150x150.jpg\" class=\"attachment-thumbnail size-thumbnail\" alt=\"\" srcset=\"https:\/\/www.delf-cadres.com\/wp-content\/uploads\/2025\/04\/realisation-22-150x150.jpg 150w, https:\/\/www.delf-cadres.com\/wp-content\/uploads\/2025\/04\/realisation-22-90x90.jpg 90w, https:\/\/www.delf-cadres.com\/wp-content\/uploads\/2025\/04\/realisation-22-370x370.jpg 370w\" sizes=\"(max-width: 150px) 100vw, 150px\" \/>\n\t\t\t<\/div><\/figure>\n\t\t<\/div>\n\t\t<\/div>\n\t\t\t\t\t\t<\/div>\n\t\t\t\t<\/div>\n\t\t\t\t\t<\/div>\n\t\t<\/div>\n\t\t\t\t\t<\/div>\n\t\t<\/section>\n\t\t\t\t<section class=\"elementor-section elementor-top-section elementor-element elementor-element-e2fb500 elementor-section-full_width elementor-section-height-default elementor-section-height-default sc_fly_static\" data-id=\"e2fb500\" data-element_type=\"section\">\n\t\t\t\t\t\t<div class=\"elementor-container elementor-column-gap-extended\">\n\t\t\t\t\t<div class=\"elementor-column elementor-col-100 elementor-top-column elementor-element elementor-element-10c8d6d sc_inner_width_none sc_content_align_inherit sc_layouts_column_icons_position_left sc_fly_static\" data-id=\"10c8d6d\" data-element_type=\"column\">\n\t\t\t<div class=\"elementor-widget-wrap elementor-element-populated\">\n\t\t\t\t\t\t<div class=\"elementor-element elementor-element-8de39f2 sc_fly_static elementor-widget elementor-widget-html\" data-id=\"8de39f2\" data-element_type=\"widget\" data-widget_type=\"html.default\">\n\t\t\t\t<div class=\"elementor-widget-container\">\n\t\t\t\t\t<iframe src=\"https:\/\/embedded.virtualframer.com\/delf?lang=De\" width=\"800\" height=\"600\" style=\"border:0;\" allowfullscreen=\"\" loading=\"lazy\" referrerpolicy=\"no-referrer-when-downgrade\"><\/iframe>\t\t\t\t<\/div>\n\t\t\t\t<\/div>\n\t\t\t\t\t<\/div>\n\t\t<\/div>\n\t\t\t\t\t<\/div>\n\t\t<\/section>\n\t\t\t\t<\/div>\n\t\t","protected":false},"excerpt":{"rendered":"<p>Meinen Rahmen mit dem virtuellen Werkzeug entwerfen Erwecken Sie Ihre Vision mit unserem virtuellen Bilderrahmen zum Leben. Erkunden Sie Stile, Gr\u00f6\u00dfen und Ausf\u00fchrungen in Echtzeit, bequem von zu Hause aus. W\u00e4hlen Sie die Art des Werkes, das Sie einrahmen m\u00f6chten. Laden Sie Ihr Werk hoch oder w\u00e4hlen Sie ein Beispielbild. Experimentieren Sie mit verschiedenen Stilen,&hellip;<\/p>\n","protected":false},"author":1,"featured_media":0,"parent":0,"menu_order":0,"comment_status":"closed","ping_status":"closed","template":"","meta":{"footnotes":""},"class_list":["post-6066","page","type-page","status-publish","hentry"],"_links":{"self":[{"href":"https:\/\/www.delf-cadres.com\/de\/wp-json\/wp\/v2\/pages\/6066","targetHints":{"allow":["GET"]}}],"collection":[{"href":"https:\/\/www.delf-cadres.com\/de\/wp-json\/wp\/v2\/pages"}],"about":[{"href":"https:\/\/www.delf-cadres.com\/de\/wp-json\/wp\/v2\/types\/page"}],"author":[{"embeddable":true,"href":"https:\/\/www.delf-cadres.com\/de\/wp-json\/wp\/v2\/users\/1"}],"replies":[{"embeddable":true,"href":"https:\/\/www.delf-cadres.com\/de\/wp-json\/wp\/v2\/comments?post=6066"}],"version-history":[{"count":10,"href":"https:\/\/www.delf-cadres.com\/de\/wp-json\/wp\/v2\/pages\/6066\/revisions"}],"predecessor-version":[{"id":6522,"href":"https:\/\/www.delf-cadres.com\/de\/wp-json\/wp\/v2\/pages\/6066\/revisions\/6522"}],"wp:attachment":[{"href":"https:\/\/www.delf-cadres.com\/de\/wp-json\/wp\/v2\/media?parent=6066"}],"curies":[{"name":"wp","href":"https:\/\/api.w.org\/{rel}","templated":true}]}}